{"id":4430,"date":"2024-06-06T13:42:08","date_gmt":"2024-06-06T11:42:08","guid":{"rendered":"https:\/\/crimina.umh.es\/?page_id=4430"},"modified":"2024-06-06T13:42:18","modified_gmt":"2024-06-06T11:42:18","slug":"professors-researchers","status":"publish","type":"page","link":"https:\/\/crimina.umh.es\/en\/professors-researchers\/","title":{"rendered":"Professors \/ Researchers"},"content":{"rendered":"<p>[et_pb_section fb_built=&#8221;1&#8243; fullwidth=&#8221;on&#8221; _builder_version=&#8221;4.17.4&#8243; _module_preset=&#8221;default&#8221; global_colors_info=&#8221;{}&#8221;][et_pb_fullwidth_menu menu_id=&#8221;298916&#8243; active_link_color=&#8221;#000000&#8243; _builder_version=&#8221;4.17.4&#8243; _module_preset=&#8221;default&#8221; menu_font=&#8221;|700|||||||&#8221; menu_text_color=&#8221;#000000&#8243; menu_font_size=&#8221;20px&#8221; global_colors_info=&#8221;{}&#8221;][\/et_pb_fullwidth_menu][et_pb_fullwidth_slider _builder_version=&#8221;4.17.4&#8243; content_width=&#8221;50%&#8221; max_height=&#8221;373px&#8221; custom_margin=&#8221;||||false|false&#8221; global_colors_info=&#8221;{}&#8221;][et_pb_slide _builder_version=&#8221;4.17.4&#8243; background_color=&#8221;rgba(0,0,0,0)&#8221; background_enable_color=&#8221;on&#8221; background_image=&#8221;https:\/\/crimina.umh.es\/files\/2024\/05\/BANNERCRIMINA.png&#8221; background_enable_image=&#8221;on&#8221; global_colors_info=&#8221;{}&#8221; sticky_transition=&#8221;on&#8221;][\/et_pb_slide][et_pb_slide _builder_version=&#8221;4.17.4&#8243; background_color=&#8221;rgba(0,0,0,0)&#8221; background_enable_color=&#8221;on&#8221; background_image=&#8221;https:\/\/crimina.umh.es\/files\/2024\/05\/2home.png&#8221; background_enable_image=&#8221;on&#8221; global_colors_info=&#8221;{}&#8221; sticky_transition=&#8221;on&#8221;][\/et_pb_slide][et_pb_slide _builder_version=&#8221;4.17.4&#8243; background_color=&#8221;rgba(0,0,0,0)&#8221; background_enable_color=&#8221;on&#8221; background_image=&#8221;https:\/\/crimina.umh.es\/files\/2024\/05\/3home.png&#8221; background_enable_image=&#8221;on&#8221; global_colors_info=&#8221;{}&#8221; sticky_transition=&#8221;on&#8221;][\/et_pb_slide][\/et_pb_fullwidth_slider][\/et_pb_section][et_pb_section fb_built=&#8221;1&#8243; _builder_version=&#8221;4.17.4&#8243; _module_preset=&#8221;default&#8221; global_colors_info=&#8221;{}&#8221;][et_pb_row _builder_version=&#8221;4.17.4&#8243; _module_preset=&#8221;default&#8221; global_colors_info=&#8221;{}&#8221;][et_pb_column type=&#8221;4_4&#8243; _builder_version=&#8221;4.17.4&#8243; _module_preset=&#8221;default&#8221; global_colors_info=&#8221;{}&#8221;][et_pb_text _builder_version=&#8221;4.17.4&#8243; _module_preset=&#8221;default&#8221; text_text_color=&#8221;#000000&#8243; hover_enabled=&#8221;0&#8243; global_colors_info=&#8221;{}&#8221; sticky_enabled=&#8221;0&#8243;]<\/p>\n<p style=\"text-align: justify;\">Professors and\/or researchers wishing to carry out a research stay at the CRIMINA Centre should send an email to <a title=\"crimina@umh\" href=\"mailto:crimina@umh.es\" target=\"_blank\" rel=\"noopener\">crimina@umh<\/a> attaching their CV and a brief description of their research proposal. The Centre&#8217;s management will evaluate your proposal and will reply within a period of no more than one month.<\/p>\n<p style=\"text-align: justify;\">The Centre will provide you with a workspace and internet access, bibliographic resources, and you will be able to participate in all the activities organised, as well as attend classes, seminars and conferences during your stay.<\/p>\n<p>[\/et_pb_text][\/et_pb_column][\/et_pb_row][\/et_pb_section]<\/p>\n","protected":false},"excerpt":{"rendered":"<p>Professors and\/or researchers wishing to carry out a research stay at the CRIMINA Centre should send an email to crimina@umh attaching their CV and a brief description of their research proposal. The Centre&#8217;s management will evaluate your proposal and will reply within a period of no more than one month. The Centre will provide you [&hellip;]<\/p>\n","protected":false},"author":3782,"featured_media":0,"parent":0,"menu_order":0,"comment_status":"closed","ping_status":"closed","template":"","meta":{"_et_pb_use_builder":"on","_et_pb_old_content":"<p>[et_pb_section fb_built=\"1\" fullwidth=\"on\" _builder_version=\"4.17.4\" _module_preset=\"default\" global_colors_info=\"{}\"][et_pb_fullwidth_menu menu_id=\"298916\" active_link_color=\"#000000\" _builder_version=\"4.17.4\" _module_preset=\"default\" menu_font=\"|700|||||||\" menu_text_color=\"#000000\" menu_font_size=\"20px\" global_colors_info=\"{}\"][\/et_pb_fullwidth_menu][et_pb_fullwidth_slider _builder_version=\"4.17.4\" max_height=\"373px\" custom_margin=\"||||false|false\" hover_enabled=\"0\" global_colors_info=\"{}\" sticky_enabled=\"0\" content_width=\"50%\"][et_pb_slide _builder_version=\"4.17.4\" background_color=\"rgba(0,0,0,0)\" background_enable_color=\"on\" background_image=\"https:\/\/crimina.umh.es\/files\/2024\/05\/BANNERCRIMINA.png\" background_enable_image=\"on\" hover_enabled=\"0\" global_colors_info=\"{}\" sticky_transition=\"on\" title_text=\"BANNERCRIMINA\" sticky_enabled=\"0\"][\/et_pb_slide][et_pb_slide _builder_version=\"4.17.4\" background_color=\"rgba(0,0,0,0)\" background_enable_color=\"on\" background_image=\"https:\/\/crimina.umh.es\/files\/2024\/05\/2home.png\" background_enable_image=\"on\" hover_enabled=\"0\" global_colors_info=\"{}\" sticky_transition=\"on\" title_text=\"2home\" sticky_enabled=\"0\"][\/et_pb_slide][et_pb_slide _builder_version=\"4.17.4\" background_color=\"rgba(0,0,0,0)\" background_enable_color=\"on\" background_image=\"https:\/\/crimina.umh.es\/files\/2024\/05\/3home.png\" background_enable_image=\"on\" hover_enabled=\"0\" global_colors_info=\"{}\" sticky_transition=\"on\" title_text=\"3home\" sticky_enabled=\"0\"][\/et_pb_slide][\/et_pb_fullwidth_slider][\/et_pb_section][et_pb_section fb_built=\"1\" _builder_version=\"4.17.4\" _module_preset=\"default\" global_colors_info=\"{}\"][et_pb_row _builder_version=\"4.17.4\" _module_preset=\"default\" global_colors_info=\"{}\"][et_pb_column type=\"4_4\" _builder_version=\"4.17.4\" _module_preset=\"default\" global_colors_info=\"{}\"][et_pb_text _builder_version=\"4.17.4\" _module_preset=\"default\" text_text_color=\"#000000\" global_colors_info=\"{}\"]<\/p><p style=\"text-align: justify;\">Los\/as profesores\/as y\/o investigadores\/as que deseen realizar una estancia de investigaci\u00f3n en el Centro CRIMINA, deber\u00e1n enviar un correo electr\u00f3nico a <a title=\"crimina@umh\" href=\"mailto:crimina@umh.es\" target=\"_blank\" rel=\"noopener\">crimina@umh<\/a>.es adjuntando su CV y una breve descripci\u00f3n de su propuesta de investigaci\u00f3n. La Direcci\u00f3n del Centro valorar\u00e1 su propuesta y le dar\u00e1 una respuesta en un plazo no superior a un mes.<\/p><p style=\"text-align: justify;\">El Centro le proporcionar\u00e1 un espacio de trabajo y acceso a internet, recursos bibliogr\u00e1ficos, y podr\u00e1 participar en todas las actividades que se organicen, as\u00ed como asistir a clases, seminarios y jornadas durante su estancia.<\/p><p style=\"text-align: justify;\">Professors and\/or researchers wishing to carry out a research stay at the CRIMINA Centre should send an email to <a title=\"crimina@umh\" href=\"mailto:crimina@umh.es\" target=\"_blank\" rel=\"noopener\">crimina@umh<\/a> attaching their CV and a brief description of their research proposal. The Centre's management will evaluate your proposal and will reply within a period of no more than one month.<\/p><p style=\"text-align: justify;\">The Centre will provide you with a workspace and internet access, bibliographic resources, and you will be able to participate in all the activities organised, as well as attend classes, seminars and conferences during your stay.<\/p><p>[\/et_pb_text][\/et_pb_column][\/et_pb_row][\/et_pb_section]<\/p>","_et_gb_content_width":"","_links_to":"","_links_to_target":""},"_links":{"self":[{"href":"https:\/\/crimina.umh.es\/en\/wp-json\/wp\/v2\/pages\/4430"}],"collection":[{"href":"https:\/\/crimina.umh.es\/en\/wp-json\/wp\/v2\/pages"}],"about":[{"href":"https:\/\/crimina.umh.es\/en\/wp-json\/wp\/v2\/types\/page"}],"author":[{"embeddable":true,"href":"https:\/\/crimina.umh.es\/en\/wp-json\/wp\/v2\/users\/3782"}],"replies":[{"embeddable":true,"href":"https:\/\/crimina.umh.es\/en\/wp-json\/wp\/v2\/comments?post=4430"}],"version-history":[{"count":0,"href":"https:\/\/crimina.umh.es\/en\/wp-json\/wp\/v2\/pages\/4430\/revisions"}],"wp:attachment":[{"href":"https:\/\/crimina.umh.es\/en\/wp-json\/wp\/v2\/media?parent=4430"}],"curies":[{"name":"wp","href":"https:\/\/api.w.org\/{rel}","templated":true}]}}