{"id":4386,"date":"2024-06-06T08:53:59","date_gmt":"2024-06-06T06:53:59","guid":{"rendered":"https:\/\/crimina.umh.es\/?page_id=4386"},"modified":"2024-06-06T08:55:20","modified_gmt":"2024-06-06T06:55:20","slug":"about-the-centre","status":"publish","type":"page","link":"https:\/\/crimina.umh.es\/en\/about-the-centre\/","title":{"rendered":"About the Centre"},"content":{"rendered":"<p>[et_pb_section fb_built=&#8221;1&#8243; fullwidth=&#8221;on&#8221; _builder_version=&#8221;4.16&#8243; background_color=&#8221;rgba(0,0,0,0)&#8221; border_color_bottom=&#8221;rgba(0,0,0,0)&#8221; global_colors_info=&#8221;{}&#8221;][et_pb_fullwidth_menu menu_id=&#8221;298916&#8243; active_link_color=&#8221;#000000&#8243; dropdown_menu_bg_color=&#8221;#ffffff&#8221; dropdown_menu_text_color=&#8221;#000000&#8243; _builder_version=&#8221;4.17.4&#8243; menu_font=&#8221;|700|||||||&#8221; menu_text_color=&#8221;#000000&#8243; menu_font_size=&#8221;20px&#8221; global_colors_info=&#8221;{}&#8221;][\/et_pb_fullwidth_menu][\/et_pb_section][et_pb_section fb_built=&#8221;1&#8243; fullwidth=&#8221;on&#8221; _builder_version=&#8221;4.17.4&#8243; _module_preset=&#8221;default&#8221; global_colors_info=&#8221;{}&#8221;][et_pb_fullwidth_menu menu_id=&#8221;298916&#8243; active_link_color=&#8221;#000000&#8243; dropdown_menu_bg_color=&#8221;#ffffff&#8221; dropdown_menu_text_color=&#8221;#000000&#8243; admin_label=&#8221;Men\u00fa de anchura completa&#8221; _builder_version=&#8221;4.17.4&#8243; menu_font=&#8221;|700|||||||&#8221; menu_text_color=&#8221;#000000&#8243; menu_font_size=&#8221;20px&#8221; saved_tabs=&#8221;all&#8221; global_colors_info=&#8221;{}&#8221;][\/et_pb_fullwidth_menu][\/et_pb_section][et_pb_section fb_built=&#8221;1&#8243; _builder_version=&#8221;4.16&#8243; custom_margin=&#8221;-90px||||false|false&#8221; global_colors_info=&#8221;{}&#8221;][et_pb_row _builder_version=&#8221;4.16&#8243; global_colors_info=&#8221;{}&#8221;][et_pb_column type=&#8221;4_4&#8243; _builder_version=&#8221;4.16&#8243; global_colors_info=&#8221;{}&#8221;][et_pb_image src=&#8221;https:\/\/crimina.umh.es\/files\/2020\/08\/sobreelcentro.jpg&#8221; _builder_version=&#8221;4.16&#8243; global_colors_info=&#8221;{}&#8221;][\/et_pb_image][\/et_pb_column][\/et_pb_row][et_pb_row _builder_version=&#8221;4.16&#8243; min_height=&#8221;535px&#8221; custom_margin=&#8221;-20px||||false|false&#8221; custom_padding=&#8221;||0px|||&#8221; global_colors_info=&#8221;{}&#8221;][et_pb_column type=&#8221;4_4&#8243; _builder_version=&#8221;4.16&#8243; global_colors_info=&#8221;{}&#8221;][et_pb_text _builder_version=&#8221;4.17.4&#8243; text_text_color=&#8221;#000000&#8243; text_orientation=&#8221;justified&#8221; global_colors_info=&#8221;{}&#8221;]<\/p>\n<h3 class=\"master-header\" style=\"font-family: 'Helvetica Neue', Helvetica, Arial, sans-serif; font-weight: 500; line-height: 1.1; color: #000000; margin: 30px 0px 17.25px; font-size: 30px; padding: 0px 0px 12px; border-bottom: 2px solid #d9d9d9;\">Presentation<\/h3>\n<p style=\"margin: 0px; padding: 0px 0px 1em; border: 0px; background: 0px 0px #ffffff; font-size: 18px; vertical-align: baseline; color: #000000; font-family: 'Open Sans', Arial, sans-serif; font-style: normal; font-weight: 500; letter-spacing: normal; text-indent: 0px; text-transform: none; text-align: justify;\"><strong>CR\u00cdMINA<\/strong>\u00a0<strong>is the centre of the <a href=\"www.umh.es\">Miguel Hern\u00e1ndez University of Elche<\/a>\u00a0<\/strong>dedicated to applied scientific research and the training of professionals in the analysis, prevention, and treatment of crime. CR\u00cdMINA is comprised of a multidisciplinary team made up of legal experts, criminologists, psychologists, sociologists, philosophers, and other security professionals.<\/p>\n<div class=\"et-fb-loader\" style=\"margin-bottom: 40px;\"><\/div>\n<p>[\/et_pb_text][et_pb_code _builder_version=&#8221;4.16&#8243; custom_padding=&#8221;0px|||||&#8221; global_colors_info=&#8221;{}&#8221;][\/et_pb_code][et_pb_video src=&#8221;https:\/\/www.youtube.com\/watch?v=lF98ExurBxQ&#038;feature=youtu.be&#8221; _builder_version=&#8221;4.16&#8243; width=&#8221;1080px&#8221; max_width=&#8221;720px&#8221; module_alignment=&#8221;center&#8221; custom_margin=&#8221;-4px|1110px|-4px||true|false&#8221; custom_padding=&#8221;|2px|0px|||&#8221; locked=&#8221;off&#8221; global_colors_info=&#8221;{}&#8221;][\/et_pb_video][\/et_pb_column][\/et_pb_row][\/et_pb_section][et_pb_section fb_built=&#8221;1&#8243; disabled_on=&#8221;on|on|on&#8221; admin_label=&#8221;Pie de p\u00e1gina&#8221; _builder_version=&#8221;4.16&#8243; background_color=&#8221; #f5f5f5&#8243; disabled=&#8221;on&#8221; global_colors_info=&#8221;{}&#8221;][et_pb_row _builder_version=&#8221;4.16&#8243; global_colors_info=&#8221;{}&#8221;][et_pb_column type=&#8221;4_4&#8243; _builder_version=&#8221;4.16&#8243; global_colors_info=&#8221;{}&#8221;][et_pb_text _builder_version=&#8221;4.16&#8243; global_colors_info=&#8221;{}&#8221;]<strong>UMH Crimina<\/strong>[\/et_pb_text][et_pb_divider color=&#8221;#000000&#8243; _builder_version=&#8221;4.16&#8243; global_colors_info=&#8221;{}&#8221;][\/et_pb_divider][\/et_pb_column][\/et_pb_row][et_pb_row column_structure=&#8221;3_5,2_5&#8243; _builder_version=&#8221;4.16&#8243; global_colors_info=&#8221;{}&#8221;][et_pb_column type=&#8221;3_5&#8243; _builder_version=&#8221;4.16&#8243; global_colors_info=&#8221;{}&#8221;][et_pb_text _builder_version=&#8221;4.16&#8243; text_font_size=&#8221;12px&#8221; global_colors_info=&#8221;{}&#8221;]Centro Cr\u00edmina para el Estudio y Prevenci\u00f3n de la Delincuencia<\/p>\n<p>Universidad Miguel Hern\u00e1ndez Avda. de la Universidad s\/n.<\/p>\n<p>Edif. H\u00e9like Elche Alicante 03201 Spain<\/p>\n<p>T: +34 966 658 380 <strong>secretaria@crimina.es<\/strong>[\/et_pb_text][et_pb_social_media_follow admin_label=&#8221;Seguir en medios sociales&#8221; _builder_version=&#8221;4.17.4&#8243; global_colors_info=&#8221;{}&#8221;][et_pb_social_media_follow_network social_network=&#8221;twitter&#8221; url=&#8221;https:\/\/www.google.com\/search?q=crimina+twitter&#038;rlz=1C1CHBF_esES848ES848&#038;oq=crimina+twitter&#038;aqs=chrome.0.69i59j0j69i60l3.1951j0j4&#038;sourceid=chrome&#038;ie=UTF-8&#8243; _builder_version=&#8221;4.17.4&#8243; background_color=&#8221;#00aced&#8221; background_image=&#8221;https:\/\/crimina.umh.es\/files\/2023\/11\/twitterx.png&#8221; background_enable_image=&#8221;on&#8221; background_size=&#8221;contain&#8221; global_colors_info=&#8221;{}&#8221; follow_button=&#8221;off&#8221; url_new_window=&#8221;on&#8221;]twitter[\/et_pb_social_media_follow_network][et_pb_social_media_follow_network social_network=&#8221;facebook&#8221; url=&#8221;https:\/\/www.facebook.com\/criminaUMH&#8221; _builder_version=&#8221;4.16&#8243; background_color=&#8221;#3b5998&#8243; global_colors_info=&#8221;{}&#8221; follow_button=&#8221;off&#8221; url_new_window=&#8221;on&#8221;]facebook[\/et_pb_social_media_follow_network][et_pb_social_media_follow_network social_network=&#8221;instagram&#8221; url=&#8221;https:\/\/www.instagram.com\/criminaumh\/?hl=es&#8221; _builder_version=&#8221;4.17.4&#8243; _module_preset=&#8221;default&#8221; background_color=&#8221;#ea2c59&#8243; global_colors_info=&#8221;{}&#8221; follow_button=&#8221;off&#8221; url_new_window=&#8221;on&#8221;]instagram[\/et_pb_social_media_follow_network][\/et_pb_social_media_follow][\/et_pb_column][et_pb_column type=&#8221;2_5&#8243; _builder_version=&#8221;4.16&#8243; global_colors_info=&#8221;{}&#8221;][\/et_pb_column][\/et_pb_row][\/et_pb_section][et_pb_section fb_built=&#8221;1&#8243; disabled_on=&#8221;on|on|on&#8221; _builder_version=&#8221;4.16&#8243; background_color=&#8221;#585858&#8243; disabled=&#8221;on&#8221; global_colors_info=&#8221;{}&#8221;][et_pb_row column_structure=&#8221;1_3,1_3,1_3&#8243; _builder_version=&#8221;4.16&#8243; global_colors_info=&#8221;{}&#8221;][et_pb_column type=&#8221;1_3&#8243; _builder_version=&#8221;4.16&#8243; global_colors_info=&#8221;{}&#8221;][et_pb_text _builder_version=&#8221;4.16&#8243; text_text_color=&#8221;#ffffff&#8221; global_colors_info=&#8221;{}&#8221;]<strong>UNIVERSITAS Miguel Hern\u00e1ndez<\/strong><\/p>\n<p>Avinguda de la Universitat d&#8217;Elx, S\/N<\/p>\n<p>03202 Elx (Alacant)<br \/>\n[\/et_pb_text][\/et_pb_column][et_pb_column type=&#8221;1_3&#8243; _builder_version=&#8221;4.16&#8243; global_colors_info=&#8221;{}&#8221;][et_pb_text admin_label=&#8221;Texto&#8221; _builder_version=&#8221;4.16&#8243; text_text_color=&#8221;#dbd000&#8243; global_colors_info=&#8221;{}&#8221;](+34) 966 65 8500<br \/>\n[\/et_pb_text][\/et_pb_column][et_pb_column type=&#8221;1_3&#8243; _builder_version=&#8221;4.16&#8243; global_colors_info=&#8221;{}&#8221;][et_pb_text _builder_version=&#8221;4.16&#8243; text_text_color=&#8221;#ffffff&#8221; global_colors_info=&#8221;{}&#8221;]<strong>S\u00edguenos en la UMH<\/strong><br \/>\n[\/et_pb_text][et_pb_social_media_follow _builder_version=&#8221;4.16&#8243; global_colors_info=&#8221;{}&#8221;][et_pb_social_media_follow_network social_network=&#8221;facebook&#8221; url=&#8221;https:\/\/www.facebook.com\/UniversidadMiguelHernandezElche&#8221; _builder_version=&#8221;4.16&#8243; background_color=&#8221;rgba(0,0,0,0)&#8221; background_enable_color=&#8221;on&#8221; global_colors_info=&#8221;{}&#8221; follow_button=&#8221;off&#8221; url_new_window=&#8221;on&#8221;]facebook[\/et_pb_social_media_follow_network][et_pb_social_media_follow_network social_network=&#8221;twitter&#8221; url=&#8221;https:\/\/twitter.com\/UniversidadMH&#8221; _builder_version=&#8221;4.16&#8243; background_color=&#8221;rgba(0,0,0,0)&#8221; background_enable_color=&#8221;on&#8221; global_colors_info=&#8221;{}&#8221; follow_button=&#8221;off&#8221; url_new_window=&#8221;on&#8221;]twitter[\/et_pb_social_media_follow_network][et_pb_social_media_follow_network social_network=&#8221;youtube&#8221; url=&#8221;http:\/\/youtube.umh.es\/&#8221; _builder_version=&#8221;4.16&#8243; background_color=&#8221;rgba(0,0,0,0)&#8221; background_enable_color=&#8221;on&#8221; global_colors_info=&#8221;{}&#8221; follow_button=&#8221;off&#8221; url_new_window=&#8221;on&#8221;]youtube[\/et_pb_social_media_follow_network][et_pb_social_media_follow_network social_network=&#8221;instagram&#8221; url=&#8221;https:\/\/www.instagram.com\/universidadmh\/#&#8221; _builder_version=&#8221;4.16&#8243; background_color=&#8221;rgba(0,0,0,0)&#8221; background_enable_color=&#8221;on&#8221; global_colors_info=&#8221;{}&#8221; follow_button=&#8221;off&#8221; url_new_window=&#8221;on&#8221;]instagram[\/et_pb_social_media_follow_network][et_pb_social_media_follow_network social_network=&#8221;linkedin&#8221; url=&#8221;https:\/\/www.linkedin.com\/school\/universidad-miguel-hernandez-de-elche\/&#8221; _builder_version=&#8221;4.16&#8243; background_color=&#8221;rgba(0,0,0,0)&#8221; background_enable_color=&#8221;on&#8221; global_colors_info=&#8221;{}&#8221; follow_button=&#8221;off&#8221; url_new_window=&#8221;on&#8221;]linkedin[\/et_pb_social_media_follow_network][et_pb_social_media_follow_network social_network=&#8221;pinterest&#8221; url=&#8221;https:\/\/www.pinterest.es\/universidadmh\/&#8221; _builder_version=&#8221;4.16&#8243; background_color=&#8221;rgba(0,0,0,0)&#8221; global_colors_info=&#8221;{}&#8221; follow_button=&#8221;off&#8221; url_new_window=&#8221;on&#8221;]pinterest[\/et_pb_social_media_follow_network][\/et_pb_social_media_follow][\/et_pb_column][\/et_pb_row][\/et_pb_section]<\/p>\n","protected":false},"excerpt":{"rendered":"<p>Presentation CR\u00cdMINA\u00a0is the centre of the Miguel Hern\u00e1ndez University of Elche\u00a0dedicated to applied scientific research and the training of professionals in the analysis, prevention, and treatment of crime. CR\u00cdMINA is comprised of a multidisciplinary team made up of legal experts, criminologists, psychologists, sociologists, philosophers, and other security professionals. UMH CriminaCentro Cr\u00edmina para el Estudio y [&hellip;]<\/p>\n","protected":false},"author":3782,"featured_media":0,"parent":0,"menu_order":0,"comment_status":"closed","ping_status":"closed","template":"","meta":{"_et_pb_use_builder":"on","_et_pb_old_content":"<p>[et_pb_section fb_built=\"1\" fullwidth=\"on\" _builder_version=\"4.16\" background_color=\"rgba(0,0,0,0)\" border_color_bottom=\"rgba(0,0,0,0)\" global_colors_info=\"{}\"][et_pb_fullwidth_menu menu_id=\"298916\" active_link_color=\"#000000\" dropdown_menu_bg_color=\"#ffffff\" dropdown_menu_text_color=\"#000000\" _builder_version=\"4.17.4\" menu_font=\"|700|||||||\" menu_text_color=\"#000000\" menu_font_size=\"20px\" global_colors_info=\"{}\"][\/et_pb_fullwidth_menu][\/et_pb_section][et_pb_section fb_built=\"1\" fullwidth=\"on\" _builder_version=\"4.17.4\" _module_preset=\"default\" global_colors_info=\"{}\"][et_pb_fullwidth_menu menu_id=\"298916\" active_link_color=\"#000000\" dropdown_menu_bg_color=\"#ffffff\" dropdown_menu_text_color=\"#000000\" admin_label=\"Men\u00fa de anchura completa\" _builder_version=\"4.17.4\" menu_font=\"|700|||||||\" menu_text_color=\"#000000\" menu_font_size=\"20px\" global_module=\"3063\" saved_tabs=\"all\" global_colors_info=\"{}\"][\/et_pb_fullwidth_menu][\/et_pb_section][et_pb_section fb_built=\"1\" _builder_version=\"4.16\" custom_margin=\"-90px||||false|false\" global_colors_info=\"{}\"][et_pb_row _builder_version=\"4.16\" global_colors_info=\"{}\"][et_pb_column type=\"4_4\" _builder_version=\"4.16\" global_colors_info=\"{}\"][et_pb_image src=\"https:\/\/crimina.umh.es\/files\/2020\/08\/sobreelcentro.jpg\" _builder_version=\"4.16\" global_colors_info=\"{}\"][\/et_pb_image][\/et_pb_column][\/et_pb_row][et_pb_row _builder_version=\"4.16\" min_height=\"535px\" custom_margin=\"-20px||||false|false\" custom_padding=\"||0px|||\" global_colors_info=\"{}\"][et_pb_column type=\"4_4\" _builder_version=\"4.16\" global_colors_info=\"{}\"][et_pb_text _builder_version=\"4.17.4\" text_text_color=\"#000000\" text_orientation=\"justified\" global_colors_info=\"{}\"]<\/p><h3 class=\"master-header\" style=\"font-family: 'Helvetica Neue', Helvetica, Arial, sans-serif; font-weight: 500; line-height: 1.1; color: #000000; margin: 30px 0px 17.25px; font-size: 30px; padding: 0px 0px 12px; border-bottom: 2px solid #d9d9d9;\">Presentaci\u00f3n<\/h3><p style=\"margin: 0px; padding: 0px 0px 1em; border: 0px; background: 0px 0px #ffffff; font-size: 18px; vertical-align: baseline; color: #000000; font-family: 'Open Sans', Arial, sans-serif; font-style: normal; font-weight: 500; letter-spacing: normal; text-indent: 0px; text-transform: none; text-align: justify;\"><strong>CR\u00cdMINA<\/strong>\u00a0<strong>es el centro de la <a href=\"www.umh.es\">Universidad Miguel Hern\u00e1ndez de Elche<\/a>\u00a0<\/strong>dedicado a la investigaci\u00f3n cient\u00edfica aplicada y a la formaci\u00f3n de profesionales en materia de an\u00e1lisis, prevenci\u00f3n y tratamiento de la delincuencia. CR\u00cdMINA est\u00e1 conformado por un equipo multidisciplinar compuesto por juristas, crimin\u00f3logos, psic\u00f3logos, soci\u00f3logos, fil\u00f3sofos y otros profesionales de la seguridad.<\/p><div class=\"et-fb-loader\" style=\"margin-bottom: 40px;\">\u00a0<\/div><p>\u00a0[\/et_pb_text][et_pb_code _builder_version=\"4.16\" custom_padding=\"0px|||||\" global_colors_info=\"{}\"][\/et_pb_code][et_pb_video src=\"https:\/\/www.youtube.com\/watch?v=lF98ExurBxQ&feature=youtu.be\" _builder_version=\"4.16\" width=\"1080px\" max_width=\"720px\" module_alignment=\"center\" custom_margin=\"-4px|1110px|-4px||true|false\" custom_padding=\"|2px|0px|||\" locked=\"off\" global_colors_info=\"{}\"][\/et_pb_video][\/et_pb_column][\/et_pb_row][\/et_pb_section][et_pb_section fb_built=\"1\" disabled_on=\"on|on|on\" admin_label=\"Pie de p\u00e1gina\" _builder_version=\"4.16\" background_color=\" #f5f5f5\" disabled=\"on\" global_colors_info=\"{}\"][et_pb_row _builder_version=\"4.16\" global_colors_info=\"{}\"][et_pb_column type=\"4_4\" _builder_version=\"4.16\" global_colors_info=\"{}\"][et_pb_text _builder_version=\"4.16\" global_colors_info=\"{}\"]<strong>UMH Crimina<\/strong>[\/et_pb_text][et_pb_divider color=\"#000000\" _builder_version=\"4.16\" global_colors_info=\"{}\"][\/et_pb_divider][\/et_pb_column][\/et_pb_row][et_pb_row column_structure=\"3_5,2_5\" _builder_version=\"4.16\" global_colors_info=\"{}\"][et_pb_column type=\"3_5\" _builder_version=\"4.16\" global_colors_info=\"{}\"][et_pb_text _builder_version=\"4.16\" text_font_size=\"12px\" global_colors_info=\"{}\"]Centro Cr\u00edmina para el Estudio y Prevenci\u00f3n de la Delincuencia<\/p><p>Universidad Miguel Hern\u00e1ndez Avda. de la Universidad s\/n.<\/p><p>Edif. H\u00e9like Elche Alicante 03201 Spain<\/p><p>T: +34 966 658 380 <strong>secretaria@crimina.es<\/strong>[\/et_pb_text][et_pb_social_media_follow admin_label=\"Seguir en medios sociales\" _builder_version=\"4.17.4\" global_colors_info=\"{}\"][et_pb_social_media_follow_network social_network=\"twitter\" url=\"https:\/\/www.google.com\/search?q=crimina+twitter&rlz=1C1CHBF_esES848ES848&oq=crimina+twitter&aqs=chrome.0.69i59j0j69i60l3.1951j0j4&sourceid=chrome&ie=UTF-8\" _builder_version=\"4.17.4\" background_color=\"#00aced\" background_image=\"https:\/\/crimina.umh.es\/files\/2023\/11\/twitterx.png\" background_enable_image=\"on\" background_size=\"contain\" global_colors_info=\"{}\" follow_button=\"off\" url_new_window=\"on\"]twitter[\/et_pb_social_media_follow_network][et_pb_social_media_follow_network social_network=\"facebook\" url=\"https:\/\/www.facebook.com\/criminaUMH\" _builder_version=\"4.16\" background_color=\"#3b5998\" global_colors_info=\"{}\" follow_button=\"off\" url_new_window=\"on\"]facebook[\/et_pb_social_media_follow_network][et_pb_social_media_follow_network social_network=\"instagram\" url=\"https:\/\/www.instagram.com\/criminaumh\/?hl=es\" _builder_version=\"4.17.4\" _module_preset=\"default\" background_color=\"#ea2c59\" global_colors_info=\"{}\" follow_button=\"off\" url_new_window=\"on\"]instagram[\/et_pb_social_media_follow_network][\/et_pb_social_media_follow][\/et_pb_column][et_pb_column type=\"2_5\" _builder_version=\"4.16\" global_colors_info=\"{}\"][\/et_pb_column][\/et_pb_row][\/et_pb_section][et_pb_section fb_built=\"1\" disabled_on=\"on|on|on\" _builder_version=\"4.16\" background_color=\"#585858\" disabled=\"on\" global_colors_info=\"{}\"][et_pb_row column_structure=\"1_3,1_3,1_3\" _builder_version=\"4.16\" global_colors_info=\"{}\"][et_pb_column type=\"1_3\" _builder_version=\"4.16\" global_colors_info=\"{}\"][et_pb_text _builder_version=\"4.16\" text_text_color=\"#ffffff\" global_colors_info=\"{}\"]<\/p><p><strong>UNIVERSITAS Miguel Hern\u00e1ndez<\/strong><\/p><p>Avinguda de la Universitat d'Elx, S\/N<\/p><p>03202 Elx (Alacant)<\/p><p>[\/et_pb_text][\/et_pb_column][et_pb_column type=\"1_3\" _builder_version=\"4.16\" global_colors_info=\"{}\"][et_pb_text admin_label=\"Texto\" _builder_version=\"4.16\" text_text_color=\"#dbd000\" global_colors_info=\"{}\"]<\/p><p>\u00a0<br \/>(+34) 966 65 8500<\/p><p>[\/et_pb_text][\/et_pb_column][et_pb_column type=\"1_3\" _builder_version=\"4.16\" global_colors_info=\"{}\"][et_pb_text _builder_version=\"4.16\" text_text_color=\"#ffffff\" global_colors_info=\"{}\"]<\/p><p><strong>S\u00edguenos en la UMH<\/strong><\/p><p>[\/et_pb_text][et_pb_social_media_follow _builder_version=\"4.16\" global_colors_info=\"{}\"][et_pb_social_media_follow_network social_network=\"facebook\" url=\"https:\/\/www.facebook.com\/UniversidadMiguelHernandezElche\" _builder_version=\"4.16\" background_color=\"rgba(0,0,0,0)\" background_enable_color=\"on\" global_colors_info=\"{}\" follow_button=\"off\" url_new_window=\"on\"]facebook[\/et_pb_social_media_follow_network][et_pb_social_media_follow_network social_network=\"twitter\" url=\"https:\/\/twitter.com\/UniversidadMH\" _builder_version=\"4.16\" background_color=\"rgba(0,0,0,0)\" background_enable_color=\"on\" global_colors_info=\"{}\" follow_button=\"off\" url_new_window=\"on\"]twitter[\/et_pb_social_media_follow_network][et_pb_social_media_follow_network social_network=\"youtube\" url=\"http:\/\/youtube.umh.es\/\" _builder_version=\"4.16\" background_color=\"rgba(0,0,0,0)\" background_enable_color=\"on\" global_colors_info=\"{}\" follow_button=\"off\" url_new_window=\"on\"]youtube[\/et_pb_social_media_follow_network][et_pb_social_media_follow_network social_network=\"instagram\" url=\"https:\/\/www.instagram.com\/universidadmh\/#\" _builder_version=\"4.16\" background_color=\"rgba(0,0,0,0)\" background_enable_color=\"on\" global_colors_info=\"{}\" follow_button=\"off\" url_new_window=\"on\"]instagram[\/et_pb_social_media_follow_network][et_pb_social_media_follow_network social_network=\"linkedin\" url=\"https:\/\/www.linkedin.com\/school\/universidad-miguel-hernandez-de-elche\/\" _builder_version=\"4.16\" background_color=\"rgba(0,0,0,0)\" background_enable_color=\"on\" global_colors_info=\"{}\" follow_button=\"off\" url_new_window=\"on\"]linkedin[\/et_pb_social_media_follow_network][et_pb_social_media_follow_network social_network=\"pinterest\" url=\"https:\/\/www.pinterest.es\/universidadmh\/\" _builder_version=\"4.16\" background_color=\"rgba(0,0,0,0)\" global_colors_info=\"{}\" follow_button=\"off\" url_new_window=\"on\"]pinterest[\/et_pb_social_media_follow_network][\/et_pb_social_media_follow][\/et_pb_column][\/et_pb_row][\/et_pb_section]<\/p>","_et_gb_content_width":"","_links_to":"","_links_to_target":""},"_links":{"self":[{"href":"https:\/\/crimina.umh.es\/en\/wp-json\/wp\/v2\/pages\/4386"}],"collection":[{"href":"https:\/\/crimina.umh.es\/en\/wp-json\/wp\/v2\/pages"}],"about":[{"href":"https:\/\/crimina.umh.es\/en\/wp-json\/wp\/v2\/types\/page"}],"author":[{"embeddable":true,"href":"https:\/\/crimina.umh.es\/en\/wp-json\/wp\/v2\/users\/3782"}],"replies":[{"embeddable":true,"href":"https:\/\/crimina.umh.es\/en\/wp-json\/wp\/v2\/comments?post=4386"}],"version-history":[{"count":0,"href":"https:\/\/crimina.umh.es\/en\/wp-json\/wp\/v2\/pages\/4386\/revisions"}],"wp:attachment":[{"href":"https:\/\/crimina.umh.es\/en\/wp-json\/wp\/v2\/media?parent=4386"}],"curies":[{"name":"wp","href":"https:\/\/api.w.org\/{rel}","templated":true}]}}